{"id":13684,"date":"2026-04-12T08:54:44","date_gmt":"2026-04-12T08:54:44","guid":{"rendered":"https:\/\/royalwhiteproperty.nexalance.com\/cerez-politikasi\/"},"modified":"2026-04-12T09:19:49","modified_gmt":"2026-04-12T09:19:49","slug":"cerez-politikasi","status":"publish","type":"page","link":"https:\/\/royalwhiteproperty.nexalance.com\/tr\/cerez-politikasi\/","title":{"rendered":"\u00c7erez Politikas\u0131"},"content":{"rendered":"<style>.kb-row-layout-id13684_394887-ac > .kt-row-column-wrap{align-content:start;}:where(.kb-row-layout-id13684_394887-ac > .kt-row-column-wrap) > .wp-block-kadence-column{justify-content:start;}.kb-row-layout-id13684_394887-ac > .kt-row-column-wrap{column-gap:var(--global-kb-gap-md, 2rem);row-gap:var(--global-kb-gap-md, 2rem);max-width:var( --global-content-width, 1290px );padding-left:var(--global-content-edge-padding);padding-right:var(--global-content-edge-padding);padding-top:90px;padding-bottom:24px;grid-template-columns:minmax(0, 1fr);}.kb-row-layout-id13684_394887-ac > .kt-row-layout-overlay{opacity:0.30;}@media all and (max-width: 1024px){.kb-row-layout-id13684_394887-ac > .kt-row-column-wrap{grid-template-columns:minmax(0, 1fr);}}@media all and (max-width: 767px){.kb-row-layout-id13684_394887-ac > .kt-row-column-wrap{grid-template-columns:minmax(0, 1fr);}}<\/style><div class=\"kb-row-layout-wrap kb-row-layout-id13684_394887-ac alignfull has-theme-palette9-background-color kt-row-has-bg wp-block-kadence-rowlayout\"><div class=\"kt-row-column-wrap kt-has-1-columns kt-row-layout-equal kt-tab-layout-inherit kt-mobile-layout-row kt-row-valign-top kb-theme-content-width\">\n<style>.kadence-column13684_8d4fd7-92 > .kt-inside-inner-col{display:flex;}.kadence-column13684_8d4fd7-92 > .kt-inside-inner-col,.kadence-column13684_8d4fd7-92 > .kt-inside-inner-col:before{border-top-left-radius:0px;border-top-right-radius:0px;border-bottom-right-radius:0px;border-bottom-left-radius:0px;}.kadence-column13684_8d4fd7-92 > .kt-inside-inner-col{column-gap:var(--global-kb-gap-sm, 1rem);}.kadence-column13684_8d4fd7-92 > .kt-inside-inner-col{flex-direction:column;align-items:center;}.kadence-column13684_8d4fd7-92 > .kt-inside-inner-col > .kb-image-is-ratio-size{align-self:stretch;}.kadence-column13684_8d4fd7-92 > .kt-inside-inner-col > .wp-block-kadence-advancedgallery{align-self:stretch;}.kadence-column13684_8d4fd7-92 > .kt-inside-inner-col > .aligncenter{width:100%;}.kadence-column13684_8d4fd7-92 > .kt-inside-inner-col:before{opacity:0.3;}.kadence-column13684_8d4fd7-92{position:relative;}@media all and (max-width: 1024px){.kadence-column13684_8d4fd7-92 > .kt-inside-inner-col{flex-direction:column;justify-content:center;align-items:center;}}@media all and (max-width: 767px){.kadence-column13684_8d4fd7-92 > .kt-inside-inner-col{flex-direction:column;justify-content:center;align-items:center;}}<\/style>\n<div class=\"wp-block-kadence-column kadence-column13684_8d4fd7-92 kb-section-dir-vertical\"><div class=\"kt-inside-inner-col\"><style>.wp-block-kadence-advancedheading.kt-adv-heading13684_7be875-da, .wp-block-kadence-advancedheading.kt-adv-heading13684_7be875-da[data-kb-block=\"kb-adv-heading13684_7be875-da\"]{display:block;margin-bottom:var(--global-kb-spacing-xs, 1rem);text-align:left;font-size:11px;font-weight:400;font-style:normal;font-family:Inter;text-transform:uppercase;letter-spacing:1px;color:#1d8660;}.wp-block-kadence-advancedheading.kt-adv-heading13684_7be875-da mark.kt-highlight, .wp-block-kadence-advancedheading.kt-adv-heading13684_7be875-da[data-kb-block=\"kb-adv-heading13684_7be875-da\"] mark.kt-highlight{font-style:normal;color:#f76a0c;-webkit-box-decoration-break:clone;box-decoration-break:clone;padding-top:0px;padding-right:0px;padding-bottom:0px;padding-left:0px;}.wp-block-kadence-advancedheading.kt-adv-heading13684_7be875-da img.kb-inline-image, .wp-block-kadence-advancedheading.kt-adv-heading13684_7be875-da[data-kb-block=\"kb-adv-heading13684_7be875-da\"] img.kb-inline-image{width:150px;vertical-align:baseline;}@media all and (max-width: 1024px){.wp-block-kadence-advancedheading.kt-adv-heading13684_7be875-da, .wp-block-kadence-advancedheading.kt-adv-heading13684_7be875-da[data-kb-block=\"kb-adv-heading13684_7be875-da\"]{text-align:center!important;}}<\/style>\n<span class=\"kt-adv-heading13684_7be875-da wp-block-kadence-advancedheading\" data-kb-block=\"kb-adv-heading13684_7be875-da\">Policy<\/span>\n\n\n<style>.wp-block-kadence-advancedheading.kt-adv-heading13684_d26049-4e, .wp-block-kadence-advancedheading.kt-adv-heading13684_d26049-4e[data-kb-block=\"kb-adv-heading13684_d26049-4e\"]{max-width:708px;margin-top:0px;margin-bottom:0px;text-align:left;font-size:56px;line-height:1.2;font-weight:400;font-style:normal;font-family:'Cormorant Garamond';color:#000000;}.wp-block-kadence-advancedheading.kt-adv-heading13684_d26049-4e mark.kt-highlight, .wp-block-kadence-advancedheading.kt-adv-heading13684_d26049-4e[data-kb-block=\"kb-adv-heading13684_d26049-4e\"] mark.kt-highlight{font-style:normal;color:#f76a0c;-webkit-box-decoration-break:clone;box-decoration-break:clone;padding-top:0px;padding-right:0px;padding-bottom:0px;padding-left:0px;}.wp-block-kadence-advancedheading.kt-adv-heading13684_d26049-4e img.kb-inline-image, .wp-block-kadence-advancedheading.kt-adv-heading13684_d26049-4e[data-kb-block=\"kb-adv-heading13684_d26049-4e\"] img.kb-inline-image{width:150px;vertical-align:baseline;}@media all and (max-width: 1024px){.wp-block-kadence-advancedheading.kt-adv-heading13684_d26049-4e, .wp-block-kadence-advancedheading.kt-adv-heading13684_d26049-4e[data-kb-block=\"kb-adv-heading13684_d26049-4e\"]{text-align:center!important;}}<\/style>\n<h1 class=\"kt-adv-heading13684_d26049-4e wp-block-kadence-advancedheading\" data-kb-block=\"kb-adv-heading13684_d26049-4e\">\u00c7erez Politikas\u0131<\/h1>\n<\/div><\/div>\n\n<\/div><\/div>\n\n<style>.kb-row-layout-id13684_fb16b5-8b > .kt-row-column-wrap{align-content:start;}:where(.kb-row-layout-id13684_fb16b5-8b > .kt-row-column-wrap) > .wp-block-kadence-column{justify-content:start;}.kb-row-layout-id13684_fb16b5-8b > .kt-row-column-wrap{column-gap:var(--global-kb-gap-md, 2rem);row-gap:var(--global-kb-gap-md, 2rem);max-width:var( --global-content-width, 1290px );padding-left:var(--global-content-edge-padding);padding-right:var(--global-content-edge-padding);padding-top:var(--global-kb-spacing-sm, 1.5rem);padding-bottom:var(--global-kb-spacing-sm, 1.5rem);grid-template-columns:minmax(0, 1fr);}.kb-row-layout-id13684_fb16b5-8b > .kt-row-layout-overlay{opacity:0.30;}@media all and (max-width: 1024px){.kb-row-layout-id13684_fb16b5-8b > .kt-row-column-wrap{grid-template-columns:minmax(0, 1fr);}}@media all and (max-width: 767px){.kb-row-layout-id13684_fb16b5-8b > .kt-row-column-wrap{grid-template-columns:minmax(0, 1fr);}}<\/style><div class=\"kb-row-layout-wrap kb-row-layout-id13684_fb16b5-8b alignnone wp-block-kadence-rowlayout\"><div class=\"kt-row-column-wrap kt-has-1-columns kt-row-layout-equal kt-tab-layout-inherit kt-mobile-layout-row kt-row-valign-top kb-theme-content-width\">\n<style>.kadence-column13684_8354a2-dd > .kt-inside-inner-col,.kadence-column13684_8354a2-dd > .kt-inside-inner-col:before{border-top-left-radius:0px;border-top-right-radius:0px;border-bottom-right-radius:0px;border-bottom-left-radius:0px;}.kadence-column13684_8354a2-dd > .kt-inside-inner-col{column-gap:var(--global-kb-gap-sm, 1rem);}.kadence-column13684_8354a2-dd > .kt-inside-inner-col{flex-direction:column;}.kadence-column13684_8354a2-dd > .kt-inside-inner-col > .aligncenter{width:100%;}.kadence-column13684_8354a2-dd > .kt-inside-inner-col:before{opacity:0.3;}.kadence-column13684_8354a2-dd{position:relative;}@media all and (max-width: 1024px){.kadence-column13684_8354a2-dd > .kt-inside-inner-col{flex-direction:column;justify-content:center;}}@media all and (max-width: 767px){.kadence-column13684_8354a2-dd > .kt-inside-inner-col{flex-direction:column;justify-content:center;}}<\/style>\n<div class=\"wp-block-kadence-column kadence-column13684_8354a2-dd\"><div class=\"kt-inside-inner-col\">\n<p>Bu \u00c7erez Politikas\u0131,&nbsp;<strong>MFY REAL ESTATE GAYR\u0130MENKUL \u0130N\u015eAAT VE T\u0130CARET Inc. (\u201cRoyal White Property\u201d)<\/strong>\u2019in (bu terim,&nbsp;<strong>MFY REAL ESTATE GAYR\u0130MENKUL \u0130N\u015eAAT VE T\u0130CARET Inc. (\u201cRoyal White Property\u201d)<\/strong>\u2019\u0131n t\u00fcm ba\u011fl\u0131 kurulu\u015flar\u0131n\u0131 i\u00e7erir) (\u201c\u015eirket\u201d, \u201cbiz\u201d veya \u201cRoyal White Property\u201d) web sitelerimizde veya bunlarla ilgili olarak \u00e7erezleri ve benzeri teknolojileri nas\u0131l kulland\u0131\u011f\u0131n\u0131 belirler.<\/p>\n\n\n\n<p><strong>\u00c7erezler ve Di\u011fer \u0130zleme Teknolojileri Nedir?<\/strong><\/p>\n\n\n\n<p><strong>\u00c7erezler:<\/strong>&nbsp;\u00c7erezler, bir web sitesini ziyaret etti\u011finizde bilgisayar\u0131n\u0131za veya mobil cihaz\u0131n\u0131za yerle\u015ftirilebilen k\u00fc\u00e7\u00fck metin dosyalar\u0131d\u0131r. Di\u011fer izleme teknolojileri, \u00e7erezlere benzer \u015fekilde \u00e7al\u0131\u015f\u0131r; cihazlar\u0131n\u0131za k\u00fc\u00e7\u00fck veri dosyalar\u0131 yerle\u015ftirir veya web sitesi etkinli\u011finizi izleyerek sitelerimizi nas\u0131l kulland\u0131\u011f\u0131n\u0131za dair bilgi toplamam\u0131za olanak tan\u0131r. Bu, sitelerimizin cihaz\u0131n\u0131z\u0131 di\u011fer kullan\u0131c\u0131lar\u0131n cihazlar\u0131ndan ay\u0131rt etmesini sa\u011flar. Royal White Property, bu verileri e\u011filimleri ve istatistikleri analiz etmek, yeniden hedefleme faaliyetlerinde \u00e7erez verilerini kullanmak ve daha iyi m\u00fc\u015fteri hizmeti sunmam\u0131za yard\u0131mc\u0131 olmak i\u00e7in kullanabilir.<\/p>\n\n\n\n<p><strong>Flash \u00c7erezler:<\/strong>&nbsp;Web sitemizin baz\u0131 \u00f6zellikleri, tercihlerinizi ve sitemize giri\u015f, \u00e7\u0131k\u0131\u015f ve gezinme bilgileriniz gibi bilgileri toplamak ve saklamak i\u00e7in yerel depolama nesnelerini (ya da Flash \u00e7erezlerini) kullanabilir. Flash \u00e7erezleri, taray\u0131c\u0131 \u00e7erezleri i\u00e7in kullan\u0131lan taray\u0131c\u0131 ayarlar\u0131yla y\u00f6netilmez.<\/p>\n\n\n\n<p><strong>Web \u0130\u015faret\u00e7ileri:<\/strong>&nbsp;Web sitesinin sayfalar\u0131 ve e-postalar\u0131m\u0131z, \u00f6rne\u011fin bu sayfalar\u0131 ziyaret eden ya da bir e-postay\u0131 a\u00e7an kullan\u0131c\u0131 say\u0131s\u0131n\u0131 belirlememize ve di\u011fer ilgili web sitesi istatistiklerini (\u00f6rne\u011fin, belirli i\u00e7eriklerin pop\u00fclerli\u011fini kaydetme ve sistem ile sunucu b\u00fct\u00fcnl\u00fc\u011f\u00fcn\u00fc do\u011frulama) ger\u00e7ekle\u015ftirmemize olanak tan\u0131yan, web i\u015faret\u00e7ileri (ayn\u0131 zamanda \u015feffaf GIF\u2019ler, piksel etiketleri ve tek piksel GIF\u2019ler olarak da adland\u0131r\u0131l\u0131r) i\u00e7erebilir.<\/p>\n\n\n\n<p><strong>\u00c7erezler ve Di\u011fer \u0130zleme Teknolojileri ile Hangi Bilgileri Topluyoruz?<\/strong><\/p>\n\n\n\n<p>Ki\u015fisel kimli\u011finizi do\u011frudan if\u015fa etmeyen veya size birey olarak do\u011frudan at\u0131fta bulunmayan bilgileri toplayabiliriz. Hizmetimizi kulland\u0131\u011f\u0131n\u0131zda otomatik olarak a\u015fa\u011f\u0131daki bilgileri toplayabiliriz:<\/p>\n\n\n\n<ul class=\"wp-block-list\">\n<li>Sitemizde gezinirken otomatik olarak toplanan cihaz\u0131n\u0131z, gezinme eylemleriniz ve desenleriniz;<\/li>\n\n\n\n<li>Kullan\u0131m ayr\u0131nt\u0131lar\u0131, istek zamanlar\u0131, taray\u0131c\u0131 t\u00fcrleri, i\u015fletim sistemi, IP adresleri ve \u00e7erezler, web i\u015faret\u00e7ileri ile di\u011fer izleme teknolojileri arac\u0131l\u0131\u011f\u0131yla toplanan bilgiler;<\/li>\n\n\n\n<li>Sitemizi ziyaretlerinizin ayr\u0131nt\u0131lar\u0131; trafik verileri, konum verileri, g\u00fcnl\u00fckler ve di\u011fer ileti\u015fim verileri ile sitede eri\u015fti\u011finiz ve kulland\u0131\u011f\u0131n\u0131z kaynaklar;<\/li>\n\n\n\n<li>Bilgisayar\u0131n\u0131z ve internet ba\u011flant\u0131n\u0131z, i\u015fletim sisteminiz ve taray\u0131c\u0131 t\u00fcr\u00fcn\u00fcz hakk\u0131nda bilgiler.<\/li>\n<\/ul>\n\n\n\n<p><strong>Sitelerimiz \u00c7erezleri ve Di\u011fer \u0130zleme Teknolojilerini Nas\u0131l Kullan\u0131r?<\/strong><\/p>\n\n\n\n<p>Royal White Property, sitelerinin performans\u0131n\u0131 art\u0131rmak ve kullan\u0131c\u0131 deneyiminizi geli\u015ftirmek amac\u0131yla \u00e7erezleri ve di\u011fer izleme teknolojilerini kullan\u0131r. Bazen, cihaz\u0131n\u0131za (\u00f6rne\u011fin bilgisayar\u0131n\u0131z\u0131n taray\u0131c\u0131lar\u0131nda) bir \u00e7erez yerle\u015ftirerek, sunucunun cihaz\u0131 tekrar ziyaret etti\u011finde tan\u0131mas\u0131n\u0131, sitemizin belirli b\u00f6l\u00fcmlerindeki ve genelindeki gezinme istatistiklerini takip etmesini ve Royal White Property\u2019nin di\u011fer web sitelerindeki promosyonlar\u0131n\u0131 izleyebilmesini sa\u011flar\u0131z. B\u00f6yle bir \u00e7erezle takip edilen bilgiler yaln\u0131zca dahili ama\u00e7larla, \u00f6rne\u011fin web sitesi gezinmesini geli\u015ftirmek ve promosyon yerle\u015ftirmelerimizin etkinli\u011fini \u00f6l\u00e7mek i\u00e7in kullan\u0131l\u0131r. \u00d6rne\u011fin, ziyaret\u00e7ilerin geldi\u011fi alanlar\u0131 izler ve sitemizdeki ziyaret\u00e7i etkinli\u011fini \u00f6l\u00e7eriz; ancak bu bilgiler anonim \u015fekilde tutulur.<\/p>\n\n\n\n<p><strong>\u00dc\u00e7\u00fcnc\u00fc Parti \u015eirketlerin \u00c7erezlerini Kullan\u0131yor muyuz?<\/strong><\/p>\n\n\n\n<p>Sitelerimizi y\u00f6netmek ve ara\u015ft\u0131rma ama\u00e7lar\u0131 do\u011frultusunda, Royal White Property, sitemizi kullanan ziyaret\u00e7ilerin istatistiksel kullan\u0131m ve hacim bilgilerini izlemek ve analiz etmek \u00fczere \u00fc\u00e7\u00fcnc\u00fc parti hizmet sa\u011flay\u0131c\u0131larla anla\u015fmalar yapm\u0131\u015ft\u0131r. Bu \u00fc\u00e7\u00fcnc\u00fc parti hizmet sa\u011flay\u0131c\u0131lar\u0131, kullan\u0131c\u0131 deneyimini iyile\u015ftirmemize, sitemizin i\u00e7eri\u011fini y\u00f6netmemize ve kullan\u0131c\u0131lar\u0131n sitelerimizi nas\u0131l gezindi\u011fini analiz etmemize yard\u0131mc\u0131 olmak i\u00e7in kal\u0131c\u0131 \u00e7erezler kullan\u0131r.<\/p>\n\n\n\n<p><strong>\u00c7erez T\u00fcrleri Nelerdir ve Sitede Hangileri Kullan\u0131lmaktad\u0131r?<\/strong><\/p>\n\n\n\n<p>Bu bilgiler i\u00e7in en y\u00fcksek d\u00fczeyde gizlilik sa\u011flan\u0131r. Bu anonim bilgiler, e\u011filimleri ve desenleri anlamam\u0131za yard\u0131mc\u0131 olmak amac\u0131yla yaln\u0131zca toplu halde kullan\u0131l\u0131r ve analiz edilir. \u0130\u015flemlerinizle ilgili ayr\u0131nt\u0131lar\u0131n bu \u015fekilde kullan\u0131lmas\u0131n\u0131 istemiyorsan\u0131z, a\u015fa\u011f\u0131daki &#8220;<strong>Taray\u0131c\u0131n\u0131z ile \u00c7erezleri Etkinle\u015ftirme ve Devre D\u0131\u015f\u0131 B\u0131rakma<\/strong>&#8221; b\u00f6l\u00fcm\u00fcndeki talimatlar\u0131 izleyerek \u00e7erezleri devre d\u0131\u015f\u0131 b\u0131rakabilirsiniz. Ancak, \u00e7erezleri kabul etmeyi tercih etmiyorsan\u0131z, taray\u0131c\u0131n\u0131z\u0131 bunlar\u0131 reddedecek veya yerle\u015ftirilmeden \u00f6nce sizi uyaracak \u015fekilde ayarlayabilirsiniz.<\/p>\n\n\n\n<p>Ziyaretiniz s\u0131ras\u0131nda veya \u015fimdi herhangi bir sorunuz varsa, l\u00fctfen a\u015fa\u011f\u0131daki ileti\u015fim b\u00f6l\u00fcm\u00fcn\u00fc kullanarak bizimle ileti\u015fime ge\u00e7in.<\/p>\n\n\n\n<p><strong>Taray\u0131c\u0131n\u0131z ile \u00c7erezleri Etkinle\u015ftirme ve Devre D\u0131\u015f\u0131 B\u0131rakma:<\/strong><\/p>\n\n\n\n<p>Baz\u0131 veya t\u00fcm \u00e7erezleri kabul etmenin ya da reddetmenin \u00e7e\u015fitli yollar\u0131 vard\u0131r. A\u015fa\u011f\u0131da, bu konuda kullan\u0131lan baz\u0131 ana y\u00f6ntemler a\u00e7\u0131klanm\u0131\u015ft\u0131r.<\/p>\n\n\n\n<p>Sitemizde kulland\u0131\u011f\u0131m\u0131z baz\u0131 ya da t\u00fcm \u00e7erezlerin kullan\u0131m\u0131n\u0131 engelleyebilirsiniz. Ancak, bunun web sitemizin i\u015flevselli\u011fini etkileyebilece\u011fini veya baz\u0131 ya da t\u00fcm b\u00f6l\u00fcmlerin kullan\u0131lmaz hale gelebilece\u011fini unutmay\u0131n.<\/p>\n\n\n\n<p>Ayr\u0131ca, taray\u0131c\u0131n\u0131zdaki t\u00fcm \u00e7erezleri temizlemenin, tercihlerinizi saklayan \u00e7erezleri de silece\u011fini unutmay\u0131n; \u00f6rne\u011fin, bir web sitesinde \u00e7erezleri kabul edip etmedi\u011finiz veya di\u011fer \u00e7erezleri engelleyen \u00e7erezler.<\/p>\n\n\n\n<p>A\u015fa\u011f\u0131daki ba\u011flant\u0131lar, yayg\u0131n olarak kullan\u0131lan taray\u0131c\u0131lar\u0131n \u00e7erez ayarlar\u0131 hakk\u0131nda daha fazla bilgi sunmaktad\u0131r:&nbsp;<a href=\"http:\/\/windows.microsoft.com\/en-GB\/internet-explorer\/delete-manage-cookies#ie=ie-10\">Internet Explorer&#8217;da \u00c7erez Ayarlar\u0131<\/a>,&nbsp;<a href=\"http:\/\/support.mozilla.com\/en-US\/kb\/Cookies\">Firefox&#8217;da \u00c7erez Ayarlar\u0131<\/a>;&nbsp;<a href=\"https:\/\/support.google.com\/chrome\/answer\/95647?hl=en&amp;ref_topic=14666\">Chrome&#8217;da \u00c7erez Ayarlar\u0131<\/a>&nbsp;<a href=\"https:\/\/support.apple.com\/kb\/PH17191?locale=en_US\">Safari&#8217;de \u00c7erez Ayarlar\u0131<\/a>&nbsp;ve&nbsp;<a href=\"http:\/\/support.apple.com\/kb\/HT1677\">iOS<\/a>.<\/p>\n\n\n\n<p><a><\/a><strong>Politika G\u00fcncellemeleri<\/strong><\/p>\n\n\n\n<p>Bu politika zaman zaman de\u011fi\u015ftirilebilir. De\u011fi\u015fikliklerden sonra platformlar\u0131m\u0131z\u0131 kullanmaya devam etmeniz, bu de\u011fi\u015fiklikleri kabul etti\u011finiz anlam\u0131na gelir; bu nedenle l\u00fctfen periyodik olarak politikay\u0131 g\u00fcncellemeler i\u00e7in kontrol edin.<\/p>\n\n\n\n<p><a><\/a><strong>Bizimle Nas\u0131l \u0130leti\u015fime Ge\u00e7ebilirsiniz?<\/strong><\/p>\n\n\n\n<p>Bu politika ile ilgili herhangi bir sorunuz varsa, a\u015fa\u011f\u0131daki yollardan biriyle Veri Gizlili\u011fi Ofisimiz ile ileti\u015fime ge\u00e7ebilirsiniz:<\/p>\n\n\n\n<ol class=\"wp-block-list\">\n<li>Bize\u00a0<strong>customer.privacy@royalwhiteproperty.com<a href=\"mailto:customer.privacy@royalwhiteproperty.com\"><\/a><\/strong>\u00a0adresine e-posta g\u00f6nderin<\/li>\n\n\n\n<li>+90 212 706 55 40 numaral\u0131 telefonu aray\u0131n<\/li>\n\n\n\n<li>Veri Gizlili\u011fi Ofisimize, \u015fu adrese bir ileti g\u00f6nderin: SKYLAND \u0130STANBUL B OF\u0130S BLOK HUZUR MH. CENDERE CD. B\u0130NA NO:114B\u00a0 K:7 OF\u0130S 115, 34485 SARIYER\/\u0130STANBUL<\/li>\n<\/ol>\n<\/div><\/div>\n\n<\/div><\/div>","protected":false},"excerpt":{"rendered":"<p>Policy \u00c7erez Politikas\u0131 Bu \u00c7erez Politikas\u0131,&nbsp;MFY REAL ESTATE GAYR\u0130MENKUL \u0130N\u015eAAT VE T\u0130CARET Inc. (\u201cRoyal White Property\u201d)\u2019in (bu terim,&nbsp;MFY REAL ESTATE GAYR\u0130MENKUL \u0130N\u015eAAT VE T\u0130CARET Inc. (\u201cRoyal White Property\u201d)\u2019\u0131n t\u00fcm ba\u011fl\u0131 kurulu\u015flar\u0131n\u0131 i\u00e7erir) (\u201c\u015eirket\u201d, \u201cbiz\u201d veya \u201cRoyal White Property\u201d) web sitelerimizde veya bunlarla ilgili olarak \u00e7erezleri ve benzeri teknolojileri nas\u0131l kulland\u0131\u011f\u0131n\u0131 belirler. \u00c7erezler ve Di\u011fer \u0130zleme&#8230;<\/p>\n","protected":false},"author":2,"featured_media":0,"parent":0,"menu_order":0,"comment_status":"closed","ping_status":"closed","template":"","meta":{"_acf_changed":false,"_kad_blocks_custom_css":"","_kad_blocks_head_custom_js":"","_kad_blocks_body_custom_js":"","_kad_blocks_footer_custom_js":"","_kad_post_transparent":"","_kad_post_title":"hide","_kad_post_layout":"fullwidth","_kad_post_sidebar_id":"","_kad_post_content_style":"","_kad_post_vertical_padding":"","_kad_post_feature":"","_kad_post_feature_position":"","_kad_post_header":false,"_kad_post_footer":false,"_kad_post_classname":"","footnotes":""},"class_list":["post-13684","page","type-page","status-publish","hentry"],"acf":[],"taxonomy_info":[],"featured_image_src_large":false,"author_info":{"display_name":"nexa_dev","author_link":"https:\/\/royalwhiteproperty.nexalance.com\/tr\/author\/nexa_dev\/"},"comment_info":0,"_links":{"self":[{"href":"https:\/\/royalwhiteproperty.nexalance.com\/tr\/wp-json\/wp\/v2\/pages\/13684","targetHints":{"allow":["GET"]}}],"collection":[{"href":"https:\/\/royalwhiteproperty.nexalance.com\/tr\/wp-json\/wp\/v2\/pages"}],"about":[{"href":"https:\/\/royalwhiteproperty.nexalance.com\/tr\/wp-json\/wp\/v2\/types\/page"}],"author":[{"embeddable":true,"href":"https:\/\/royalwhiteproperty.nexalance.com\/tr\/wp-json\/wp\/v2\/users\/2"}],"replies":[{"embeddable":true,"href":"https:\/\/royalwhiteproperty.nexalance.com\/tr\/wp-json\/wp\/v2\/comments?post=13684"}],"version-history":[{"count":3,"href":"https:\/\/royalwhiteproperty.nexalance.com\/tr\/wp-json\/wp\/v2\/pages\/13684\/revisions"}],"predecessor-version":[{"id":13688,"href":"https:\/\/royalwhiteproperty.nexalance.com\/tr\/wp-json\/wp\/v2\/pages\/13684\/revisions\/13688"}],"wp:attachment":[{"href":"https:\/\/royalwhiteproperty.nexalance.com\/tr\/wp-json\/wp\/v2\/media?parent=13684"}],"curies":[{"name":"wp","href":"https:\/\/api.w.org\/{rel}","templated":true}]}}