{"id":13678,"date":"2026-04-12T08:49:10","date_gmt":"2026-04-12T08:49:10","guid":{"rendered":"https:\/\/royalwhiteproperty.nexalance.com\/hizmet-sartlari\/"},"modified":"2026-04-12T09:06:14","modified_gmt":"2026-04-12T09:06:14","slug":"hizmet-sartlari","status":"publish","type":"page","link":"https:\/\/royalwhiteproperty.nexalance.com\/tr\/hizmet-sartlari\/","title":{"rendered":"Hizmet \u015eartlar\u0131"},"content":{"rendered":"<style>.kb-row-layout-id13678_e4ff19-98 > .kt-row-column-wrap{align-content:start;}:where(.kb-row-layout-id13678_e4ff19-98 > .kt-row-column-wrap) > .wp-block-kadence-column{justify-content:start;}.kb-row-layout-id13678_e4ff19-98 > .kt-row-column-wrap{column-gap:var(--global-kb-gap-md, 2rem);row-gap:var(--global-kb-gap-md, 2rem);max-width:var( --global-content-width, 1290px );padding-left:var(--global-content-edge-padding);padding-right:var(--global-content-edge-padding);padding-top:90px;padding-bottom:24px;grid-template-columns:minmax(0, 1fr);}.kb-row-layout-id13678_e4ff19-98 > .kt-row-layout-overlay{opacity:0.30;}@media all and (max-width: 1024px){.kb-row-layout-id13678_e4ff19-98 > .kt-row-column-wrap{grid-template-columns:minmax(0, 1fr);}}@media all and (max-width: 767px){.kb-row-layout-id13678_e4ff19-98 > .kt-row-column-wrap{grid-template-columns:minmax(0, 1fr);}}<\/style><div class=\"kb-row-layout-wrap kb-row-layout-id13678_e4ff19-98 alignfull has-theme-palette9-background-color kt-row-has-bg wp-block-kadence-rowlayout\"><div class=\"kt-row-column-wrap kt-has-1-columns kt-row-layout-equal kt-tab-layout-inherit kt-mobile-layout-row kt-row-valign-top kb-theme-content-width\">\n<style>.kadence-column13678_c66277-ae > .kt-inside-inner-col{display:flex;}.kadence-column13678_c66277-ae > .kt-inside-inner-col,.kadence-column13678_c66277-ae > .kt-inside-inner-col:before{border-top-left-radius:0px;border-top-right-radius:0px;border-bottom-right-radius:0px;border-bottom-left-radius:0px;}.kadence-column13678_c66277-ae > .kt-inside-inner-col{column-gap:var(--global-kb-gap-sm, 1rem);}.kadence-column13678_c66277-ae > .kt-inside-inner-col{flex-direction:column;align-items:center;}.kadence-column13678_c66277-ae > .kt-inside-inner-col > .kb-image-is-ratio-size{align-self:stretch;}.kadence-column13678_c66277-ae > .kt-inside-inner-col > .wp-block-kadence-advancedgallery{align-self:stretch;}.kadence-column13678_c66277-ae > .kt-inside-inner-col > .aligncenter{width:100%;}.kadence-column13678_c66277-ae > .kt-inside-inner-col:before{opacity:0.3;}.kadence-column13678_c66277-ae{position:relative;}@media all and (max-width: 1024px){.kadence-column13678_c66277-ae > .kt-inside-inner-col{flex-direction:column;justify-content:center;align-items:center;}}@media all and (max-width: 767px){.kadence-column13678_c66277-ae > .kt-inside-inner-col{flex-direction:column;justify-content:center;align-items:center;}}<\/style>\n<div class=\"wp-block-kadence-column kadence-column13678_c66277-ae kb-section-dir-vertical\"><div class=\"kt-inside-inner-col\"><style>.wp-block-kadence-advancedheading.kt-adv-heading13678_79847f-f8, .wp-block-kadence-advancedheading.kt-adv-heading13678_79847f-f8[data-kb-block=\"kb-adv-heading13678_79847f-f8\"]{display:block;margin-bottom:var(--global-kb-spacing-xs, 1rem);text-align:left;font-size:11px;font-weight:400;font-style:normal;font-family:Inter;text-transform:uppercase;letter-spacing:1px;color:#1d8660;}.wp-block-kadence-advancedheading.kt-adv-heading13678_79847f-f8 mark.kt-highlight, .wp-block-kadence-advancedheading.kt-adv-heading13678_79847f-f8[data-kb-block=\"kb-adv-heading13678_79847f-f8\"] mark.kt-highlight{font-style:normal;color:#f76a0c;-webkit-box-decoration-break:clone;box-decoration-break:clone;padding-top:0px;padding-right:0px;padding-bottom:0px;padding-left:0px;}.wp-block-kadence-advancedheading.kt-adv-heading13678_79847f-f8 img.kb-inline-image, .wp-block-kadence-advancedheading.kt-adv-heading13678_79847f-f8[data-kb-block=\"kb-adv-heading13678_79847f-f8\"] img.kb-inline-image{width:150px;vertical-align:baseline;}@media all and (max-width: 1024px){.wp-block-kadence-advancedheading.kt-adv-heading13678_79847f-f8, .wp-block-kadence-advancedheading.kt-adv-heading13678_79847f-f8[data-kb-block=\"kb-adv-heading13678_79847f-f8\"]{text-align:center!important;}}<\/style>\n<span class=\"kt-adv-heading13678_79847f-f8 wp-block-kadence-advancedheading\" data-kb-block=\"kb-adv-heading13678_79847f-f8\">Terms<\/span>\n\n\n<style>.wp-block-kadence-advancedheading.kt-adv-heading13678_b70880-90, .wp-block-kadence-advancedheading.kt-adv-heading13678_b70880-90[data-kb-block=\"kb-adv-heading13678_b70880-90\"]{max-width:708px;margin-top:0px;margin-bottom:0px;text-align:left;font-size:56px;line-height:1.2;font-weight:400;font-style:normal;font-family:'Cormorant Garamond';color:#000000;}.wp-block-kadence-advancedheading.kt-adv-heading13678_b70880-90 mark.kt-highlight, .wp-block-kadence-advancedheading.kt-adv-heading13678_b70880-90[data-kb-block=\"kb-adv-heading13678_b70880-90\"] mark.kt-highlight{font-style:normal;color:#f76a0c;-webkit-box-decoration-break:clone;box-decoration-break:clone;padding-top:0px;padding-right:0px;padding-bottom:0px;padding-left:0px;}.wp-block-kadence-advancedheading.kt-adv-heading13678_b70880-90 img.kb-inline-image, .wp-block-kadence-advancedheading.kt-adv-heading13678_b70880-90[data-kb-block=\"kb-adv-heading13678_b70880-90\"] img.kb-inline-image{width:150px;vertical-align:baseline;}@media all and (max-width: 1024px){.wp-block-kadence-advancedheading.kt-adv-heading13678_b70880-90, .wp-block-kadence-advancedheading.kt-adv-heading13678_b70880-90[data-kb-block=\"kb-adv-heading13678_b70880-90\"]{text-align:center!important;}}<\/style>\n<h1 class=\"kt-adv-heading13678_b70880-90 wp-block-kadence-advancedheading\" data-kb-block=\"kb-adv-heading13678_b70880-90\"><a href=\"https:\/\/royalwhiteproperty.nexalance.com\/privacy-policy-2\/#\">\u015eartlar ve Ko\u015fullar<\/a><\/h1>\n<\/div><\/div>\n\n<\/div><\/div>\n\n<style>.kb-row-layout-id13678_684f0e-6b > .kt-row-column-wrap{align-content:start;}:where(.kb-row-layout-id13678_684f0e-6b > .kt-row-column-wrap) > .wp-block-kadence-column{justify-content:start;}.kb-row-layout-id13678_684f0e-6b > .kt-row-column-wrap{column-gap:var(--global-kb-gap-md, 2rem);row-gap:var(--global-kb-gap-md, 2rem);max-width:var( --global-content-width, 1290px );padding-left:var(--global-content-edge-padding);padding-right:var(--global-content-edge-padding);padding-top:var(--global-kb-spacing-xl, 4rem);padding-bottom:var(--global-kb-spacing-xl, 4rem);grid-template-columns:minmax(0, 1fr);}.kb-row-layout-id13678_684f0e-6b > .kt-row-layout-overlay{opacity:0.30;}@media all and (max-width: 1024px){.kb-row-layout-id13678_684f0e-6b > .kt-row-column-wrap{grid-template-columns:minmax(0, 1fr);}}@media all and (max-width: 767px){.kb-row-layout-id13678_684f0e-6b > .kt-row-column-wrap{grid-template-columns:minmax(0, 1fr);}}<\/style><div class=\"kb-row-layout-wrap kb-row-layout-id13678_684f0e-6b alignnone wp-block-kadence-rowlayout\"><div class=\"kt-row-column-wrap kt-has-1-columns kt-row-layout-equal kt-tab-layout-inherit kt-mobile-layout-row kt-row-valign-top kb-theme-content-width\">\n<style>.kadence-column13678_3478a3-84 > .kt-inside-inner-col,.kadence-column13678_3478a3-84 > .kt-inside-inner-col:before{border-top-left-radius:0px;border-top-right-radius:0px;border-bottom-right-radius:0px;border-bottom-left-radius:0px;}.kadence-column13678_3478a3-84 > .kt-inside-inner-col{column-gap:var(--global-kb-gap-sm, 1rem);}.kadence-column13678_3478a3-84 > .kt-inside-inner-col{flex-direction:column;}.kadence-column13678_3478a3-84 > .kt-inside-inner-col > .aligncenter{width:100%;}.kadence-column13678_3478a3-84 > .kt-inside-inner-col:before{opacity:0.3;}.kadence-column13678_3478a3-84{position:relative;}@media all and (max-width: 1024px){.kadence-column13678_3478a3-84 > .kt-inside-inner-col{flex-direction:column;justify-content:center;}}@media all and (max-width: 767px){.kadence-column13678_3478a3-84 > .kt-inside-inner-col{flex-direction:column;justify-content:center;}}<\/style>\n<div class=\"wp-block-kadence-column kadence-column13678_3478a3-84\"><div class=\"kt-inside-inner-col\">\n<p>L\u00fctfen bu \u015eartlar ve Ko\u015fullar\u0131 dikkatlice okuyunuz.&nbsp;Bu siteye (\u201csite\u201d) eri\u015fiminizi ve kullan\u0131m\u0131n\u0131z\u0131 d\u00fczenleyen genel \u015eartlar ve Ko\u015fullard\u0131r.&nbsp;BU \u015eARTLAR VE KO\u015eULLARA KATILMIYORSANIZ, L\u00dcTFEN BU SITEY\u0130 KULLANMAYIN.&nbsp;Siteyi ve\/veya sitede sunulan hizmetleri kullanmaya devam ederek, bu \u015eartlar ve Ko\u015fullara ba\u011fl\u0131 kalmay\u0131 kabul etmi\u015f olursunuz.<\/p>\n\n\n\n<p><strong>Kabul<\/strong><br>Bu siteyi kullanarak, ROYAL WH\u0130TE PROPERTY\u2019in \u015eartlar ve Ko\u015fullar\u0131n\u0131 kabul etmi\u015f say\u0131l\u0131rs\u0131n\u0131z.&nbsp;BU POL\u0130T\u0130KAYI KABUL ETM\u0130YORSANIZ, L\u00dcTFEN BU SITEY\u0130 KULLANMAYIN.&nbsp;Bu \u015eartlarda yap\u0131lan de\u011fi\u015fikliklerin yay\u0131nlanmas\u0131ndan sonra ROYAL WH\u0130TE PROPERTY ve\/veya ba\u011fl\u0131 kurulu\u015flar\u0131n\u0131n sitelerini kullanmaya devam etmeniz, bu de\u011fi\u015fiklikleri kabul etti\u011finiz anlam\u0131na gelir.<\/p>\n\n\n\n<p>Telif Hakk\u0131 \u00a9 ROYAL WH\u0130TE PROPERTY, T\u00dcM HAKLARI SAKLIDIR.<br>Sayfalardaki, ekranlarda g\u00f6r\u00fcnt\u00fclenen sayfalardaki, bu sayfalardaki bilgi ve materyallerin ve bunlar\u0131n d\u00fczeninin telif haklar\u0131 aksi belirtilmedik\u00e7e ROYAL WH\u0130TE PROPERTY\u2019e aittir.<\/p>\n\n\n\n<p><strong>T\u0130CAR\u0130 MARKALAR<\/strong>&nbsp;&nbsp;<br>ROYAL WH\u0130TE PROPERTY, ba\u011fl\u0131 kurulu\u015flar\u0131, i\u015ftirakleri, y\u00fcklenicileri ve\/veya kat\u0131l\u0131mc\u0131 \u015firketler, bu sitede g\u00f6r\u00fcnen ticari ve hizmet markalar\u0131n\u0131n sahipleridir ve bu ticari ve hizmet markalar\u0131yla ilgili t\u00fcm haklar sakl\u0131d\u0131r.<\/p>\n\n\n\n<p><strong>B\u0130LG\u0130 VE MATERYALLER\u0130N KULLANIMI&nbsp;<\/strong><br>Bu sayfalarda yer alan bilgi ve materyaller \u2013 ayr\u0131ca yer alan \u015fartlar, ko\u015fullar ve a\u00e7\u0131klamalar \u2013 de\u011fi\u015fikli\u011fe tabidir. T\u00fcm \u00fcr\u00fcn ve hizmetler t\u00fcm co\u011frafi b\u00f6lgelerde mevcut de\u011fildir. Belirli \u00fcr\u00fcn ve hizmetlere uygunlu\u011funuz, ROYAL WH\u0130TE PROPERTY\u2019in nihai belirlemesine ve onay\u0131na ba\u011fl\u0131d\u0131r.<\/p>\n\n\n\n<p><strong>GARANT\u0130 YOK&nbsp;<\/strong><br>Bu sitede yer alan bilgi ve materyaller, metin, grafik, ba\u011flant\u0131lar veya di\u011fer \u00f6\u011feler dahil olmak \u00fczere, \u201coldu\u011fu gibi\u201d ve \u201cmevcut oldu\u011fu \u015fekilde\u201d sunulmaktad\u0131r. ROYAL WH\u0130TE PROPERTY, bilgi ve materyallerin do\u011frulu\u011fu, yeterlili\u011fi veya eksiksizli\u011fi konusunda garanti vermez ve hata veya eksikliklerden dolay\u0131 sorumlulu\u011fu a\u00e7\u0131k\u00e7a reddeder. \u00dc\u00e7\u00fcnc\u00fc \u015fah\u0131s haklar\u0131n\u0131n ihlali yap\u0131lmamas\u0131, ba\u015fl\u0131k, ticari elveri\u015flilik, belirli bir amaca uygunluk ve bilgisayar vir\u00fcs\u00fcnden ar\u0131nm\u0131\u015f olma gibi garantiler dahil ancak bunlarla s\u0131n\u0131rl\u0131 olmamak \u00fczere, hi\u00e7bir t\u00fcrde z\u0131mni, a\u00e7\u0131k veya yasal garanti bilgi ve materyallerle birlikte verilmemektedir.<\/p>\n\n\n\n<p><strong>SORUMLULUK REDD\u0130&nbsp;<\/strong><br>Hi\u00e7bir durumda ROYAL WH\u0130TE PROPERTY, bu site ile ba\u011flant\u0131l\u0131 olarak veya site kullan\u0131m\u0131 ya da herhangi bir taraf\u0131n siteyi kullanamamas\u0131, bu sitedeki i\u00e7eri\u011fe g\u00fcvenme veya herhangi bir performans hatas\u0131, hata, eksiklik, kesinti, kusur, gecikme veya i\u015fletim ya da iletim hatas\u0131, bilgisayar vir\u00fcs\u00fc ya da hat veya sistem ar\u0131zas\u0131 nedeniyle ortaya \u00e7\u0131kan do\u011frudan veya dolayl\u0131, \u00f6zel, tesad\u00fcfi veya sonu\u00e7sal zararlardan, kay\u0131plardan veya masraflardan sorumlu olmayacakt\u0131r; ROYAL WH\u0130TE PROPERTY veya temsilcileri bu t\u00fcr zararlardan, kay\u0131plardan veya masraflardan haberdar edilmi\u015f olsa dahi. Di\u011fer internet kaynaklar\u0131na verilen ba\u011flant\u0131lar kendi riskinizdedir; bu kaynaklar taraf\u0131ndan sa\u011flanan i\u00e7erik, do\u011fruluk, ifade edilen g\u00f6r\u00fc\u015fler ve di\u011fer ba\u011flant\u0131lar ROYAL WH\u0130TE PROPERTY taraf\u0131ndan incelenmemi\u015f, do\u011frulanmam\u0131\u015f, izlenmemi\u015f veya onaylanmam\u0131\u015ft\u0131r. Bu \u0130stisna maddesi, yasalar\u0131n izin verdi\u011fi en geni\u015f \u00f6l\u00e7\u00fcde ge\u00e7erli olacakt\u0131r.<\/p>\n\n\n\n<p><br><strong>G\u00d6NDER\u0130M&nbsp;<\/strong><br>Bu site arac\u0131l\u0131\u011f\u0131yla ROYAL WH\u0130TE PROPERTY\u2019e g\u00f6nderilen t\u00fcm bilgiler, ROYAL WH\u0130TE PROPERTY\u2019e ait say\u0131lacak ve kalacakt\u0131r; ROYAL WH\u0130TE PROPERTY, bu siteyi ziyaret eden bir ki\u015finin sa\u011flad\u0131\u011f\u0131 bilgilerde yer alan fikirleri, kavramlar\u0131, bilgi birikimini veya teknikleri herhangi bir ama\u00e7la kullanma \u00f6zg\u00fcrl\u00fc\u011f\u00fcne sahip olacakt\u0131r. ROYAL WH\u0130TE PROPERTY, g\u00f6nderilen bilgiler konusunda, ROYAL WH\u0130TE PROPERTY taraf\u0131ndan aksi kararla\u015ft\u0131r\u0131lmad\u0131k\u00e7a veya yasal olarak \u00f6zel olarak kararla\u015ft\u0131r\u0131lmad\u0131k\u00e7a gizlilik veya mahremiyet y\u00fck\u00fcml\u00fcl\u00fcklerine tabi olmayacakt\u0131r.<\/p>\n\n\n\n<p><strong>DE\u011e\u0130\u015e\u0130KL\u0130K<\/strong>&nbsp;&nbsp;<br>Bu \u015fartlar ve ko\u015fullar de\u011fi\u015fikli\u011fe tabidir ve herhangi bir bildirimde bulunulmadan istendi\u011fi zaman de\u011fi\u015ftirilebilir.<\/p>\n\n\n\n<p><strong>GE\u00c7ERL\u0130 HUKUK VE YARGI YETK\u0130S\u0130&nbsp;<\/strong><br>Bu web sitesine eri\u015ferek ve bu site arac\u0131l\u0131\u011f\u0131yla sunulan kolayl\u0131klar, \u00fcr\u00fcnler veya hizmetleri edinerek, bu eri\u015fim ile ilgili olarak ve bu kolayl\u0131klar\u0131n, \u00fcr\u00fcnlerin ve hizmetlerin sa\u011flanmas\u0131n\u0131n T\u00fcrkiye kanunlar\u0131na tabi olaca\u011f\u0131n\u0131 kabul etmekte ve \u0130stanbul\/T\u00fcrkiye mahkemelerinin m\u00fcnhas\u0131r yarg\u0131 yetkisine tabi oldu\u011funuzu beyan etmektesiniz.<\/p>\n\n\n\n<p>\u0130LET\u0130\u015e\u0130ME GE\u00c7\u0130N<\/p>\n<\/div><\/div>\n\n<\/div><\/div>","protected":false},"excerpt":{"rendered":"<p>Terms \u015eartlar ve Ko\u015fullar L\u00fctfen bu \u015eartlar ve Ko\u015fullar\u0131 dikkatlice okuyunuz.&nbsp;Bu siteye (\u201csite\u201d) eri\u015fiminizi ve kullan\u0131m\u0131n\u0131z\u0131 d\u00fczenleyen genel \u015eartlar ve Ko\u015fullard\u0131r.&nbsp;BU \u015eARTLAR VE KO\u015eULLARA KATILMIYORSANIZ, L\u00dcTFEN BU SITEY\u0130 KULLANMAYIN.&nbsp;Siteyi ve\/veya sitede sunulan hizmetleri kullanmaya devam ederek, bu \u015eartlar ve Ko\u015fullara ba\u011fl\u0131 kalmay\u0131 kabul etmi\u015f olursunuz. KabulBu siteyi kullanarak, ROYAL WH\u0130TE PROPERTY\u2019in \u015eartlar ve Ko\u015fullar\u0131n\u0131 kabul&#8230;<\/p>\n","protected":false},"author":2,"featured_media":0,"parent":0,"menu_order":0,"comment_status":"closed","ping_status":"closed","template":"","meta":{"_acf_changed":false,"_kad_blocks_custom_css":"","_kad_blocks_head_custom_js":"","_kad_blocks_body_custom_js":"","_kad_blocks_footer_custom_js":"","_kad_post_transparent":"","_kad_post_title":"hide","_kad_post_layout":"fullwidth","_kad_post_sidebar_id":"","_kad_post_content_style":"","_kad_post_vertical_padding":"","_kad_post_feature":"","_kad_post_feature_position":"","_kad_post_header":false,"_kad_post_footer":false,"_kad_post_classname":"","footnotes":""},"class_list":["post-13678","page","type-page","status-publish","hentry"],"acf":[],"taxonomy_info":[],"featured_image_src_large":false,"author_info":{"display_name":"nexa_dev","author_link":"https:\/\/royalwhiteproperty.nexalance.com\/tr\/author\/nexa_dev\/"},"comment_info":0,"_links":{"self":[{"href":"https:\/\/royalwhiteproperty.nexalance.com\/tr\/wp-json\/wp\/v2\/pages\/13678","targetHints":{"allow":["GET"]}}],"collection":[{"href":"https:\/\/royalwhiteproperty.nexalance.com\/tr\/wp-json\/wp\/v2\/pages"}],"about":[{"href":"https:\/\/royalwhiteproperty.nexalance.com\/tr\/wp-json\/wp\/v2\/types\/page"}],"author":[{"embeddable":true,"href":"https:\/\/royalwhiteproperty.nexalance.com\/tr\/wp-json\/wp\/v2\/users\/2"}],"replies":[{"embeddable":true,"href":"https:\/\/royalwhiteproperty.nexalance.com\/tr\/wp-json\/wp\/v2\/comments?post=13678"}],"version-history":[{"count":2,"href":"https:\/\/royalwhiteproperty.nexalance.com\/tr\/wp-json\/wp\/v2\/pages\/13678\/revisions"}],"predecessor-version":[{"id":13680,"href":"https:\/\/royalwhiteproperty.nexalance.com\/tr\/wp-json\/wp\/v2\/pages\/13678\/revisions\/13680"}],"wp:attachment":[{"href":"https:\/\/royalwhiteproperty.nexalance.com\/tr\/wp-json\/wp\/v2\/media?parent=13678"}],"curies":[{"name":"wp","href":"https:\/\/api.w.org\/{rel}","templated":true}]}}