{"id":13625,"date":"2026-01-25T13:10:29","date_gmt":"2026-01-25T13:10:29","guid":{"rendered":"https:\/\/royalwhiteproperty.nexalance.com\/emlaklar\/"},"modified":"2026-04-08T02:57:26","modified_gmt":"2026-04-08T02:57:26","slug":"emlaklar","status":"publish","type":"page","link":"https:\/\/royalwhiteproperty.nexalance.com\/tr\/emlaklar\/","title":{"rendered":"Emlaklar"},"content":{"rendered":"<style>.kb-row-layout-id487_e9c8a2-45 > .kt-row-column-wrap{align-content:start;}:where(.kb-row-layout-id487_e9c8a2-45 > .kt-row-column-wrap) > .wp-block-kadence-column{justify-content:start;}.kb-row-layout-id487_e9c8a2-45 > .kt-row-column-wrap{column-gap:var(--global-kb-gap-md, 2rem);row-gap:var(--global-kb-gap-md, 2rem);max-width:var( --global-content-width, 1290px );padding-left:var(--global-content-edge-padding);padding-right:var(--global-content-edge-padding);padding-top:115px;padding-bottom:24px;grid-template-columns:minmax(0, 1fr);}.kb-row-layout-id487_e9c8a2-45 > .kt-row-layout-overlay{opacity:0.30;}@media all and (max-width: 1024px){.kb-row-layout-id487_e9c8a2-45 > .kt-row-column-wrap{grid-template-columns:minmax(0, 1fr);}}@media all and (max-width: 767px){.kb-row-layout-id487_e9c8a2-45 > .kt-row-column-wrap{grid-template-columns:minmax(0, 1fr);}}<\/style><div class=\"kb-row-layout-wrap kb-row-layout-id487_e9c8a2-45 alignfull has-theme-palette9-background-color kt-row-has-bg wp-block-kadence-rowlayout\"><div class=\"kt-row-column-wrap kt-has-1-columns kt-row-layout-equal kt-tab-layout-inherit kt-mobile-layout-row kt-row-valign-top kb-theme-content-width\">\n<style>.kadence-column487_944da4-8a > .kt-inside-inner-col,.kadence-column487_944da4-8a > .kt-inside-inner-col:before{border-top-left-radius:0px;border-top-right-radius:0px;border-bottom-right-radius:0px;border-bottom-left-radius:0px;}.kadence-column487_944da4-8a > .kt-inside-inner-col{column-gap:var(--global-kb-gap-sm, 1rem);}.kadence-column487_944da4-8a > .kt-inside-inner-col{flex-direction:column;}.kadence-column487_944da4-8a > .kt-inside-inner-col > .aligncenter{width:100%;}.kadence-column487_944da4-8a > .kt-inside-inner-col:before{opacity:0.3;}.kadence-column487_944da4-8a{position:relative;}@media all and (max-width: 1024px){.kadence-column487_944da4-8a > .kt-inside-inner-col{flex-direction:column;justify-content:center;}}@media all and (max-width: 767px){.kadence-column487_944da4-8a > .kt-inside-inner-col{flex-direction:column;justify-content:center;}}<\/style>\n<div class=\"wp-block-kadence-column kadence-column487_944da4-8a\"><div class=\"kt-inside-inner-col\"><style>.wp-block-kadence-advancedheading.kt-adv-heading487_3599e5-d0, .wp-block-kadence-advancedheading.kt-adv-heading487_3599e5-d0[data-kb-block=\"kb-adv-heading487_3599e5-d0\"]{display:block;margin-bottom:var(--global-kb-spacing-xs, 1rem);text-align:center;font-size:11px;font-weight:400;font-style:normal;font-family:Inter;text-transform:uppercase;letter-spacing:1px;color:#1d8660;}.wp-block-kadence-advancedheading.kt-adv-heading487_3599e5-d0 mark.kt-highlight, .wp-block-kadence-advancedheading.kt-adv-heading487_3599e5-d0[data-kb-block=\"kb-adv-heading487_3599e5-d0\"] mark.kt-highlight{font-style:normal;color:#f76a0c;-webkit-box-decoration-break:clone;box-decoration-break:clone;padding-top:0px;padding-right:0px;padding-bottom:0px;padding-left:0px;}.wp-block-kadence-advancedheading.kt-adv-heading487_3599e5-d0 img.kb-inline-image, .wp-block-kadence-advancedheading.kt-adv-heading487_3599e5-d0[data-kb-block=\"kb-adv-heading487_3599e5-d0\"] img.kb-inline-image{width:150px;vertical-align:baseline;}<\/style>\n<span class=\"kt-adv-heading487_3599e5-d0 wp-block-kadence-advancedheading\" data-kb-block=\"kb-adv-heading487_3599e5-d0\">Curated Collection<\/span>\n\n\n<style>.wp-block-kadence-advancedheading.kt-adv-heading487_b03fea-8d, .wp-block-kadence-advancedheading.kt-adv-heading487_b03fea-8d[data-kb-block=\"kb-adv-heading487_b03fea-8d\"]{max-width:708px;margin-right:auto;margin-left:auto;margin-top:0px;margin-bottom:0px;text-align:center;font-size:56px;line-height:1.2;font-weight:400;font-style:normal;font-family:'Cormorant Garamond';color:#000000;}.wp-block-kadence-advancedheading.kt-adv-heading487_b03fea-8d mark.kt-highlight, .wp-block-kadence-advancedheading.kt-adv-heading487_b03fea-8d[data-kb-block=\"kb-adv-heading487_b03fea-8d\"] mark.kt-highlight{font-style:normal;color:#f76a0c;-webkit-box-decoration-break:clone;box-decoration-break:clone;padding-top:0px;padding-right:0px;padding-bottom:0px;padding-left:0px;}.wp-block-kadence-advancedheading.kt-adv-heading487_b03fea-8d img.kb-inline-image, .wp-block-kadence-advancedheading.kt-adv-heading487_b03fea-8d[data-kb-block=\"kb-adv-heading487_b03fea-8d\"] img.kb-inline-image{width:150px;vertical-align:baseline;}@media all and (max-width: 1024px){.wp-block-kadence-advancedheading.kt-adv-heading487_b03fea-8d, .wp-block-kadence-advancedheading.kt-adv-heading487_b03fea-8d[data-kb-block=\"kb-adv-heading487_b03fea-8d\"]{text-align:center!important;}}<\/style>\n<h1 class=\"kt-adv-heading487_b03fea-8d wp-block-kadence-advancedheading\" data-kb-block=\"kb-adv-heading487_b03fea-8d\">D\u00fcnya \u00c7ap\u0131nda<br\/>Ola\u011fan\u00fcst\u00fc Gayrimenkuller<\/h1>\n\n\n<style>.wp-block-kadence-advancedheading.kt-adv-heading487_675d2f-ce, .wp-block-kadence-advancedheading.kt-adv-heading487_675d2f-ce[data-kb-block=\"kb-adv-heading487_675d2f-ce\"]{max-width:625px;margin-right:auto;margin-left:auto;padding-top:10px;text-align:center;font-size:15px;font-weight:400;font-style:normal;font-family:Inter;letter-spacing:1px;color:rgba(0,0,0,0.8);}.wp-block-kadence-advancedheading.kt-adv-heading487_675d2f-ce mark.kt-highlight, .wp-block-kadence-advancedheading.kt-adv-heading487_675d2f-ce[data-kb-block=\"kb-adv-heading487_675d2f-ce\"] mark.kt-highlight{font-style:normal;color:#f76a0c;-webkit-box-decoration-break:clone;box-decoration-break:clone;padding-top:0px;padding-right:0px;padding-bottom:0px;padding-left:0px;}.wp-block-kadence-advancedheading.kt-adv-heading487_675d2f-ce img.kb-inline-image, .wp-block-kadence-advancedheading.kt-adv-heading487_675d2f-ce[data-kb-block=\"kb-adv-heading487_675d2f-ce\"] img.kb-inline-image{width:150px;vertical-align:baseline;}<\/style>\n<p class=\"kt-adv-heading487_675d2f-ce wp-block-kadence-advancedheading\" data-kb-block=\"kb-adv-heading487_675d2f-ce\">D\u00fcnyan\u0131n en se\u00e7kin gayrimenkullerinden \u00f6zenle se\u00e7ilmi\u015f koleksiyonumuzu ke\u015ffedin. Her bir konut, l\u00fcks ya\u015fam\u0131n zirvesini temsil eder. <br\/><a href=\"https:\/\/real-refined-main.vercel.app\/properties\"><\/a><br\/><a href=\"https:\/\/real-refined-main.vercel.app\/projects\"><\/a><\/p>\n<\/div><\/div>\n\n<\/div><\/div><style>.kb-row-layout-id487_33ee9e-63 > .kt-row-column-wrap{align-content:start;}:where(.kb-row-layout-id487_33ee9e-63 > .kt-row-column-wrap) > .wp-block-kadence-column{justify-content:start;}.kb-row-layout-id487_33ee9e-63 > .kt-row-column-wrap{column-gap:var(--global-kb-gap-md, 2rem);row-gap:var(--global-kb-gap-md, 2rem);max-width:var( --global-content-width, 1290px );padding-left:var(--global-content-edge-padding);padding-right:var(--global-content-edge-padding);padding-bottom:var(--global-kb-spacing-5xl, 10rem);grid-template-columns:minmax(0, 1fr);}.kb-row-layout-id487_33ee9e-63 > .kt-row-layout-overlay{opacity:0.30;}@media all and (max-width: 1024px){.kb-row-layout-id487_33ee9e-63 > .kt-row-column-wrap{grid-template-columns:minmax(0, 1fr);}}@media all and (max-width: 767px){.kb-row-layout-id487_33ee9e-63 > .kt-row-column-wrap{grid-template-columns:minmax(0, 1fr);}}<\/style><div class=\"kb-row-layout-wrap kb-row-layout-id487_33ee9e-63 alignfull has-theme-palette9-background-color kt-row-has-bg wp-block-kadence-rowlayout\"><div class=\"kt-row-column-wrap kt-has-1-columns kt-row-layout-equal kt-tab-layout-inherit kt-mobile-layout-row kt-row-valign-top kb-theme-content-width\">\n<style>.kadence-column487_022401-a8 > .kt-inside-inner-col,.kadence-column487_022401-a8 > .kt-inside-inner-col:before{border-top-left-radius:0px;border-top-right-radius:0px;border-bottom-right-radius:0px;border-bottom-left-radius:0px;}.kadence-column487_022401-a8 > .kt-inside-inner-col{column-gap:var(--global-kb-gap-sm, 1rem);}.kadence-column487_022401-a8 > .kt-inside-inner-col{flex-direction:column;}.kadence-column487_022401-a8 > .kt-inside-inner-col > .aligncenter{width:100%;}.kadence-column487_022401-a8 > .kt-inside-inner-col:before{opacity:0.3;}.kadence-column487_022401-a8{position:relative;}@media all and (max-width: 1024px){.kadence-column487_022401-a8 > .kt-inside-inner-col{flex-direction:column;justify-content:center;}}@media all and (max-width: 767px){.kadence-column487_022401-a8 > .kt-inside-inner-col{flex-direction:column;justify-content:center;}}<\/style>\n<div class=\"wp-block-kadence-column kadence-column487_022401-a8\"><div class=\"kt-inside-inner-col\"><div class=\"rwp-lgrid\" data-type-tax=\"listing_type\"\n  data-city-tax=\"listing_city\" data-post-type=\"listings\"\n  data-per-page=\"12\"\n  data-min-price=\"\"\n  data-max-price=\"\"\n  data-country=\"\"\n  data-district=\"\"\n  data-status=\"\"\n  data-beds=\"\">\n  <style>\n    .rwp-lgrid__cities {\n      display: flex !important;\n      flex-wrap: nowrap !important;\n      overflow-x: auto !important;\n      overflow-y: hidden !important;\n      -webkit-overflow-scrolling: touch !important; \/* Smooth scrolling on iOS *\/\n      scroll-snap-type: x mandatory !important;\n      gap: 22px !important;\n      border-bottom: 1px solid #EEE !important;\n      scrollbar-width: thin !important; \/* Allow small scrollbar for usability *\/\n      scrollbar-color: #CCC transparent !important;\n      padding-bottom: 12px !important; \/* Space for scrollbar *\/\n      margin-bottom: 12px !important;\n    }\n    .rwp-lgrid__cities::-webkit-scrollbar {\n      height: 4px !important;\n      background: transparent !important;\n    }\n    .rwp-lgrid__cities::-webkit-scrollbar-thumb {\n      background: #E0E0E0 !important;\n      border-radius: 4px !important;\n    }\n    .rwp-lgrid__cities::-webkit-scrollbar-thumb:hover {\n      background: #B0B0B0 !important;\n    }\n\n    .rwp-lgrid__city {\n      flex-shrink: 0 !important;\n      scroll-snap-align: start !important;\n      white-space: nowrap !important;\n      border-bottom: 2px solid transparent !important;\n      padding: 0 0 10px 0 !important;\n      margin-bottom: -13px !important; \/* Offset for padding + border overlap *\/\n    }\n\n    .rwp-lgrid__city.is-active {\n      border-bottom-color: #111 !important;\n    }\n\n    .rwp-lgrid__city.is-active:after {\n      display: none !important;\n    }\n  <\/style>\n\n    <div class=\"rwp-lgrid__filters\">\n    <div class=\"rwp-lgrid__types\" role=\"tablist\" aria-label=\"Property type\">\n              <button type=\"button\" class=\"rwp-lgrid__pill is-active\"\n          data-type=\"all\">\n          All        <\/button>\n              <button type=\"button\" class=\"rwp-lgrid__pill \"\n          data-type=\"apartment-flat\">\n          Apartment\/Flat        <\/button>\n              <button type=\"button\" class=\"rwp-lgrid__pill \"\n          data-type=\"commercial\">\n          Commercial        <\/button>\n              <button type=\"button\" class=\"rwp-lgrid__pill \"\n          data-type=\"penthouse\">\n          Penthouse        <\/button>\n              <button type=\"button\" class=\"rwp-lgrid__pill \"\n          data-type=\"villa-house\">\n          Villa\/House        <\/button>\n          <\/div>\n\n    <div class=\"rwp-lgrid__cities\" role=\"tablist\" aria-label=\"City\">\n              <button type=\"button\" class=\"rwp-lgrid__city is-active\"\n          data-city=\"all\">\n          ALL        <\/button>\n              <button type=\"button\" class=\"rwp-lgrid__city \"\n          data-city=\"abu-dhabi\">\n          ABU DHABI        <\/button>\n              <button type=\"button\" class=\"rwp-lgrid__city \"\n          data-city=\"amman\">\n          AMMAN        <\/button>\n              <button type=\"button\" class=\"rwp-lgrid__city \"\n          data-city=\"ankara\">\n          ANKARA        <\/button>\n              <button type=\"button\" class=\"rwp-lgrid__city \"\n          data-city=\"antalya\">\n          ANTALYA        <\/button>\n              <button type=\"button\" class=\"rwp-lgrid__city \"\n          data-city=\"bedfordshire\">\n          BEDFORDSHIRE        <\/button>\n              <button type=\"button\" class=\"rwp-lgrid__city \"\n          data-city=\"beirut\">\n          BEIRUT        <\/button>\n              <button type=\"button\" class=\"rwp-lgrid__city \"\n          data-city=\"bradford\">\n          BRADFORD        <\/button>\n              <button type=\"button\" class=\"rwp-lgrid__city \"\n          data-city=\"bursa\">\n          BURSA        <\/button>\n              <button type=\"button\" class=\"rwp-lgrid__city \"\n          data-city=\"canakkale\">\n          CANAKKALE        <\/button>\n              <button type=\"button\" class=\"rwp-lgrid__city \"\n          data-city=\"doha\">\n          DOHA        <\/button>\n              <button type=\"button\" class=\"rwp-lgrid__city \"\n          data-city=\"dubai\">\n          DUBAI        <\/button>\n              <button type=\"button\" class=\"rwp-lgrid__city \"\n          data-city=\"duzce\">\n          DUZCE        <\/button>\n              <button type=\"button\" class=\"rwp-lgrid__city \"\n          data-city=\"istanbul\">\n          ISTANBUL        <\/button>\n              <button type=\"button\" class=\"rwp-lgrid__city \"\n          data-city=\"izmir\">\n          IZMIR        <\/button>\n              <button type=\"button\" class=\"rwp-lgrid__city \"\n          data-city=\"jeddah\">\n          JEDDAH        <\/button>\n              <button type=\"button\" class=\"rwp-lgrid__city \"\n          data-city=\"kocaeli\">\n          KOCAELI        <\/button>\n              <button type=\"button\" class=\"rwp-lgrid__city \"\n          data-city=\"liverpool\">\n          LIVERPOOL        <\/button>\n              <button type=\"button\" class=\"rwp-lgrid__city \"\n          data-city=\"london\">\n          LONDON        <\/button>\n              <button type=\"button\" class=\"rwp-lgrid__city \"\n          data-city=\"malaga\">\n          MALAGA        <\/button>\n              <button type=\"button\" class=\"rwp-lgrid__city \"\n          data-city=\"mersin\">\n          MERSIN        <\/button>\n              <button type=\"button\" class=\"rwp-lgrid__city \"\n          data-city=\"miami\">\n          MIAMI        <\/button>\n              <button type=\"button\" class=\"rwp-lgrid__city \"\n          data-city=\"mugla\">\n          MU\u011fLA        <\/button>\n              <button type=\"button\" class=\"rwp-lgrid__city \"\n          data-city=\"muscat\">\n          MUSCAT        <\/button>\n              <button type=\"button\" class=\"rwp-lgrid__city \"\n          data-city=\"new-york\">\n          NEW YORK        <\/button>\n              <button type=\"button\" class=\"rwp-lgrid__city \"\n          data-city=\"preston\">\n          PRESTON        <\/button>\n              <button type=\"button\" class=\"rwp-lgrid__city \"\n          data-city=\"ras-al-khaimah\">\n          RAS AL KHAIMAH        <\/button>\n              <button type=\"button\" class=\"rwp-lgrid__city \"\n          data-city=\"riyadh\">\n          RIYADH        <\/button>\n              <button type=\"button\" class=\"rwp-lgrid__city \"\n          data-city=\"rize\">\n          RIZE        <\/button>\n              <button type=\"button\" class=\"rwp-lgrid__city \"\n          data-city=\"sakarya\">\n          SAKARYA        <\/button>\n              <button type=\"button\" class=\"rwp-lgrid__city \"\n          data-city=\"sheffield\">\n          SHEFFIELD        <\/button>\n              <button type=\"button\" class=\"rwp-lgrid__city \"\n          data-city=\"tekirdag\">\n          TEKIRDA\u011f        <\/button>\n              <button type=\"button\" class=\"rwp-lgrid__city \"\n          data-city=\"trabzon\">\n          TRABZON        <\/button>\n              <button type=\"button\" class=\"rwp-lgrid__city \"\n          data-city=\"umm-al-quwain\">\n          UMM AL QUWAIN        <\/button>\n              <button type=\"button\" class=\"rwp-lgrid__city \"\n          data-city=\"yalova\">\n          YALOVA        <\/button>\n          <\/div>\n  <\/div>\n  \n  <div class=\"rwp-lgrid__results\" aria-live=\"polite\">\n    \n<div class=\"rwp-lgrid__grid\" data-max-pages=\"1\">\n      <article class=\"rwp-card\">\n      <a class=\"rwp-card__media\" href=\"https:\/\/royalwhiteproperty.nexalance.com\/tr\/listings\/tr-thames-city-london\/\" aria-label=\"Tr Thames City London\">\n        <img decoding=\"async\" src=\"https:\/\/royalwhiteproperty.nexalance.com\/wp-content\/uploads\/2025\/09\/thames-city-london_1757455497.webp\" alt=\"Tr Thames City London\" loading=\"lazy\">\n        <div class=\"rwp-card__badges\">\n                            <\/div>\n                  <div class=\"rwp-card__type\">APARTMENT\/FLAT<\/div>      <\/a>\n\n      <div class=\"rwp-card__body\">\n                  <div class=\"rwp-card__price\">$50.000<\/div>        <div class=\"rwp-card__title\"><a href=\"https:\/\/royalwhiteproperty.nexalance.com\/tr\/listings\/tr-thames-city-london\/\">Tr Thames City London<\/a><\/div>\n                  <div class=\"rwp-card__loc\"><i class=\"fa-solid fa-location-dot\"><\/i> London<\/div>\n        \n        <div class=\"rwp-card__meta\">\n          <span><i class=\"fa-solid fa-bed\"><\/i> 1, 2, 3, 5 Yatak<\/span>\n          <span><i class=\"fa-regular fa-square\"><\/i> \u2013<\/span>\n        <\/div>\n\n        <div class=\"rwp-card__actions\">\n          <a class=\"rwp-act\" href=\"#\" aria-disabled=\"true\"><i class=\"fa-solid fa-phone\"><\/i><\/a>\n          <a class=\"rwp-act\" href=\"#\" aria-disabled=\"true\"><i class=\"fa-regular fa-envelope\"><\/i><\/a>\n          <a class=\"rwp-act rwp-act--wa\" href=\"#\" target=\"_blank\" rel=\"noopener\"\n            aria-disabled=\"true\"><i class=\"fa-brands fa-whatsapp\"><\/i><\/a>\n        <\/div>\n      <\/div>\n    <\/article>\n      <article class=\"rwp-card\">\n      <a class=\"rwp-card__media\" href=\"https:\/\/royalwhiteproperty.nexalance.com\/tr\/listings\/100-kensington\/\" aria-label=\"100 Kensington\">\n        <img decoding=\"async\" src=\"https:\/\/royalwhiteproperty.nexalance.com\/wp-content\/uploads\/2025\/08\/1000-kensington_1756153137.webp\" alt=\"100 Kensington\" loading=\"lazy\">\n        <div class=\"rwp-card__badges\">\n                            <\/div>\n                  <div class=\"rwp-card__type\">APARTMENT\/FLAT<\/div>      <\/a>\n\n      <div class=\"rwp-card__body\">\n                  <div class=\"rwp-card__price\">$50.000<\/div>        <div class=\"rwp-card__title\"><a href=\"https:\/\/royalwhiteproperty.nexalance.com\/tr\/listings\/100-kensington\/\">100 Kensington<\/a><\/div>\n        \n        <div class=\"rwp-card__meta\">\n          <span><i class=\"fa-solid fa-bed\"><\/i> 1, 2, Studio Yatak<\/span>\n          <span><i class=\"fa-regular fa-square\"><\/i> \u2013<\/span>\n        <\/div>\n\n        <div class=\"rwp-card__actions\">\n          <a class=\"rwp-act\" href=\"#\" aria-disabled=\"true\"><i class=\"fa-solid fa-phone\"><\/i><\/a>\n          <a class=\"rwp-act\" href=\"#\" aria-disabled=\"true\"><i class=\"fa-regular fa-envelope\"><\/i><\/a>\n          <a class=\"rwp-act rwp-act--wa\" href=\"#\" target=\"_blank\" rel=\"noopener\"\n            aria-disabled=\"true\"><i class=\"fa-brands fa-whatsapp\"><\/i><\/a>\n        <\/div>\n      <\/div>\n    <\/article>\n      <article class=\"rwp-card\">\n      <a class=\"rwp-card__media\" href=\"https:\/\/royalwhiteproperty.nexalance.com\/tr\/listings\/baccarat-residences-dubai\/\" aria-label=\"TR Baccarat Residences Dubai\">\n        <img decoding=\"async\" src=\"https:\/\/royalwhiteproperty.nexalance.com\/wp-content\/uploads\/2023\/05\/baccarat-residences-dubai.jpg\" alt=\"TR Baccarat Residences Dubai\" loading=\"lazy\">\n        <div class=\"rwp-card__badges\">\n                            <\/div>\n                  <div class=\"rwp-card__type\">APARTMENT\/FLAT \/ PENTHOUSE<\/div>      <\/a>\n\n      <div class=\"rwp-card__body\">\n                  <div class=\"rwp-card__price\">$50.000<\/div>        <div class=\"rwp-card__title\"><a href=\"https:\/\/royalwhiteproperty.nexalance.com\/tr\/listings\/baccarat-residences-dubai\/\">TR Baccarat Residences Dubai<\/a><\/div>\n        \n        <div class=\"rwp-card__meta\">\n          <span><i class=\"fa-solid fa-bed\"><\/i> 2, 3, 4, 5 Yatak<\/span>\n          <span><i class=\"fa-regular fa-square\"><\/i> \u2013<\/span>\n        <\/div>\n\n        <div class=\"rwp-card__actions\">\n          <a class=\"rwp-act\" href=\"#\" aria-disabled=\"true\"><i class=\"fa-solid fa-phone\"><\/i><\/a>\n          <a class=\"rwp-act\" href=\"#\" aria-disabled=\"true\"><i class=\"fa-regular fa-envelope\"><\/i><\/a>\n          <a class=\"rwp-act rwp-act--wa\" href=\"#\" target=\"_blank\" rel=\"noopener\"\n            aria-disabled=\"true\"><i class=\"fa-brands fa-whatsapp\"><\/i><\/a>\n        <\/div>\n      <\/div>\n    <\/article>\n  <\/div>  <\/div>\n\n  <div class=\"rwp-lgrid__footer\">\n    <button type=\"button\" class=\"rwp-lgrid__loadmore\" style=\"display:none;\">Daha Fazla Y\u00fckle<\/button>\n    <div class=\"rwp-lgrid__spinner\" style=\"display:none;\"><i class=\"fa-solid fa-circle-notch fa-spin\"><\/i><\/div>\n  <\/div>\n\n<\/div>\n<\/div><\/div>\n\n<\/div><\/div>","protected":false},"excerpt":{"rendered":"<p>Curated Collection D\u00fcnya \u00c7ap\u0131ndaOla\u011fan\u00fcst\u00fc Gayrimenkuller D\u00fcnyan\u0131n en se\u00e7kin gayrimenkullerinden \u00f6zenle se\u00e7ilmi\u015f koleksiyonumuzu ke\u015ffedin. Her bir konut, l\u00fcks ya\u015fam\u0131n zirvesini temsil eder.<\/p>\n","protected":false},"author":2,"featured_media":0,"parent":0,"menu_order":0,"comment_status":"closed","ping_status":"closed","template":"","meta":{"_acf_changed":false,"_kad_blocks_custom_css":"","_kad_blocks_head_custom_js":"","_kad_blocks_body_custom_js":"","_kad_blocks_footer_custom_js":"","_kad_post_transparent":"disable","_kad_post_title":"hide","_kad_post_layout":"","_kad_post_sidebar_id":"","_kad_post_content_style":"","_kad_post_vertical_padding":"hide","_kad_post_feature":"","_kad_post_feature_position":"","_kad_post_header":false,"_kad_post_footer":false,"_kad_post_classname":"","footnotes":""},"class_list":["post-13625","page","type-page","status-publish","hentry"],"acf":[],"taxonomy_info":[],"featured_image_src_large":false,"author_info":{"display_name":"nexa_dev","author_link":"https:\/\/royalwhiteproperty.nexalance.com\/tr\/author\/nexa_dev\/"},"comment_info":0,"_links":{"self":[{"href":"https:\/\/royalwhiteproperty.nexalance.com\/tr\/wp-json\/wp\/v2\/pages\/13625","targetHints":{"allow":["GET"]}}],"collection":[{"href":"https:\/\/royalwhiteproperty.nexalance.com\/tr\/wp-json\/wp\/v2\/pages"}],"about":[{"href":"https:\/\/royalwhiteproperty.nexalance.com\/tr\/wp-json\/wp\/v2\/types\/page"}],"author":[{"embeddable":true,"href":"https:\/\/royalwhiteproperty.nexalance.com\/tr\/wp-json\/wp\/v2\/users\/2"}],"replies":[{"embeddable":true,"href":"https:\/\/royalwhiteproperty.nexalance.com\/tr\/wp-json\/wp\/v2\/comments?post=13625"}],"version-history":[{"count":4,"href":"https:\/\/royalwhiteproperty.nexalance.com\/tr\/wp-json\/wp\/v2\/pages\/13625\/revisions"}],"predecessor-version":[{"id":13629,"href":"https:\/\/royalwhiteproperty.nexalance.com\/tr\/wp-json\/wp\/v2\/pages\/13625\/revisions\/13629"}],"wp:attachment":[{"href":"https:\/\/royalwhiteproperty.nexalance.com\/tr\/wp-json\/wp\/v2\/media?parent=13625"}],"curies":[{"name":"wp","href":"https:\/\/api.w.org\/{rel}","templated":true}]}}